{"id":167,"date":"2026-01-17T14:34:50","date_gmt":"2026-01-17T14:34:50","guid":{"rendered":"https:\/\/sarahlesnikoski.com\/?page_id=167"},"modified":"2026-03-19T18:02:43","modified_gmt":"2026-03-19T18:02:43","slug":"zolc","status":"publish","type":"page","link":"https:\/\/sarahlesnikoski.com\/?page_id=167","title":{"rendered":"\u017b\u00f3\u0142\u0107"},"content":{"rendered":"\n<figure class=\"wp-block-gallery alignwide has-nested-images columns-default is-cropped wp-block-gallery-1 is-layout-flex wp-block-gallery-is-layout-flex\">\n<figure class=\"wp-block-image size-large\"><img loading=\"lazy\" decoding=\"async\" width=\"1024\" height=\"770\" data-id=\"88\" src=\"https:\/\/sarahlesnikoski.com\/wp-content\/uploads\/2026\/01\/494C6F4E-B2F5-4A5A-A1DA-2EEB829740F7-1024x770.jpeg\" alt=\"sarah lesnikoski, \u017c\u00f3\u0142\u0107\" class=\"wp-image-88\" srcset=\"https:\/\/sarahlesnikoski.com\/wp-content\/uploads\/2026\/01\/494C6F4E-B2F5-4A5A-A1DA-2EEB829740F7-1024x770.jpeg 1024w, https:\/\/sarahlesnikoski.com\/wp-content\/uploads\/2026\/01\/494C6F4E-B2F5-4A5A-A1DA-2EEB829740F7-300x226.jpeg 300w, https:\/\/sarahlesnikoski.com\/wp-content\/uploads\/2026\/01\/494C6F4E-B2F5-4A5A-A1DA-2EEB829740F7-768x577.jpeg 768w, https:\/\/sarahlesnikoski.com\/wp-content\/uploads\/2026\/01\/494C6F4E-B2F5-4A5A-A1DA-2EEB829740F7-16x12.jpeg 16w, https:\/\/sarahlesnikoski.com\/wp-content\/uploads\/2026\/01\/494C6F4E-B2F5-4A5A-A1DA-2EEB829740F7.jpeg 1100w\" sizes=\"auto, (max-width: 1024px) 100vw, 1024px\" \/><\/figure>\n\n\n\n<figure class=\"wp-block-image size-large\"><img loading=\"lazy\" decoding=\"async\" width=\"1024\" height=\"768\" data-id=\"479\" src=\"https:\/\/sarahlesnikoski.com\/wp-content\/uploads\/2026\/03\/zolc-mannequindance-1024x768.jpg\" alt=\"\" class=\"wp-image-479\" srcset=\"https:\/\/sarahlesnikoski.com\/wp-content\/uploads\/2026\/03\/zolc-mannequindance-1024x768.jpg 1024w, https:\/\/sarahlesnikoski.com\/wp-content\/uploads\/2026\/03\/zolc-mannequindance-300x225.jpg 300w, https:\/\/sarahlesnikoski.com\/wp-content\/uploads\/2026\/03\/zolc-mannequindance-768x576.jpg 768w, https:\/\/sarahlesnikoski.com\/wp-content\/uploads\/2026\/03\/zolc-mannequindance-1536x1152.jpg 1536w, https:\/\/sarahlesnikoski.com\/wp-content\/uploads\/2026\/03\/zolc-mannequindance-1568x1176.jpg 1568w, https:\/\/sarahlesnikoski.com\/wp-content\/uploads\/2026\/03\/zolc-mannequindance.jpg 1944w\" sizes=\"auto, (max-width: 1024px) 100vw, 1024px\" \/><\/figure>\n\n\n\n<figure class=\"wp-block-image size-full\"><img loading=\"lazy\" decoding=\"async\" width=\"734\" height=\"734\" data-id=\"89\" src=\"https:\/\/sarahlesnikoski.com\/wp-content\/uploads\/2026\/01\/DA5EEA91-B273-4D16-ACC0-29F8A7187A07.jpeg\" alt=\"sarah lesnikoski, Pogotowie Theatralno Filmowe, Theatre Research Institute &amp; Artist Residency Program, \u0141\u00f3d\u017a\" class=\"wp-image-89\" srcset=\"https:\/\/sarahlesnikoski.com\/wp-content\/uploads\/2026\/01\/DA5EEA91-B273-4D16-ACC0-29F8A7187A07.jpeg 734w, https:\/\/sarahlesnikoski.com\/wp-content\/uploads\/2026\/01\/DA5EEA91-B273-4D16-ACC0-29F8A7187A07-300x300.jpeg 300w, https:\/\/sarahlesnikoski.com\/wp-content\/uploads\/2026\/01\/DA5EEA91-B273-4D16-ACC0-29F8A7187A07-150x150.jpeg 150w, https:\/\/sarahlesnikoski.com\/wp-content\/uploads\/2026\/01\/DA5EEA91-B273-4D16-ACC0-29F8A7187A07-12x12.jpeg 12w\" sizes=\"auto, (max-width: 734px) 100vw, 734px\" \/><figcaption class=\"wp-element-caption\">Pogotowie Theatralno Filmowe, Theatre Research Institute &amp; Artist Residency, \u0141\u00f3d\u017a, 2017.<\/figcaption><\/figure>\n<\/figure>\n\n\n\n<figure class=\"wp-block-image size-full\"><img loading=\"lazy\" decoding=\"async\" width=\"611\" height=\"816\" src=\"https:\/\/sarahlesnikoski.com\/wp-content\/uploads\/2026\/01\/3A76223D-AFDB-4DC1-90B5-ECC099453F37.jpeg\" alt=\"\" class=\"wp-image-87\" srcset=\"https:\/\/sarahlesnikoski.com\/wp-content\/uploads\/2026\/01\/3A76223D-AFDB-4DC1-90B5-ECC099453F37.jpeg 611w, https:\/\/sarahlesnikoski.com\/wp-content\/uploads\/2026\/01\/3A76223D-AFDB-4DC1-90B5-ECC099453F37-225x300.jpeg 225w, https:\/\/sarahlesnikoski.com\/wp-content\/uploads\/2026\/01\/3A76223D-AFDB-4DC1-90B5-ECC099453F37-9x12.jpeg 9w\" sizes=\"auto, (max-width: 611px) 100vw, 611px\" \/><figcaption class=\"wp-element-caption\"><strong>Shadow Work<\/strong>, 2017<br>Oil on paper, 11&#215;14 in<\/figcaption><\/figure>\n\n\n\n<p><\/p>\n","protected":false},"excerpt":{"rendered":"","protected":false},"author":1,"featured_media":0,"parent":33,"menu_order":4,"comment_status":"closed","ping_status":"closed","template":"","meta":{"footnotes":""},"class_list":["post-167","page","type-page","status-publish","hentry","entry"],"brizy_media":[],"_links":{"self":[{"href":"https:\/\/sarahlesnikoski.com\/index.php?rest_route=\/wp\/v2\/pages\/167","targetHints":{"allow":["GET"]}}],"collection":[{"href":"https:\/\/sarahlesnikoski.com\/index.php?rest_route=\/wp\/v2\/pages"}],"about":[{"href":"https:\/\/sarahlesnikoski.com\/index.php?rest_route=\/wp\/v2\/types\/page"}],"author":[{"embeddable":true,"href":"https:\/\/sarahlesnikoski.com\/index.php?rest_route=\/wp\/v2\/users\/1"}],"replies":[{"embeddable":true,"href":"https:\/\/sarahlesnikoski.com\/index.php?rest_route=%2Fwp%2Fv2%2Fcomments&post=167"}],"version-history":[{"count":5,"href":"https:\/\/sarahlesnikoski.com\/index.php?rest_route=\/wp\/v2\/pages\/167\/revisions"}],"predecessor-version":[{"id":560,"href":"https:\/\/sarahlesnikoski.com\/index.php?rest_route=\/wp\/v2\/pages\/167\/revisions\/560"}],"up":[{"embeddable":true,"href":"https:\/\/sarahlesnikoski.com\/index.php?rest_route=\/wp\/v2\/pages\/33"}],"wp:attachment":[{"href":"https:\/\/sarahlesnikoski.com\/index.php?rest_route=%2Fwp%2Fv2%2Fmedia&parent=167"}],"curies":[{"name":"wp","href":"https:\/\/api.w.org\/{rel}","templated":true}]}}